{"id":100094,"date":"2024-07-08T10:34:28","date_gmt":"2024-07-08T08:34:28","guid":{"rendered":"https:\/\/metzger.dikonzept.cloud\/?page_id=100094"},"modified":"2025-03-26T13:42:22","modified_gmt":"2025-03-26T12:42:22","slug":"innovationen","status":"publish","type":"page","link":"https:\/\/metzger.dikonzept.cloud\/?page_id=100094","title":{"rendered":"Innovationen"},"content":{"rendered":"<p>[et_pb_section fb_built=&#8220;1&#8243; admin_label=&#8220;Header&#8220; _builder_version=&#8220;4.26.0&#8243; _module_preset=&#8220;default&#8220; background_color=&#8220;gcid-5aa9ce6a-8a5e-4347-973a-c6b91f603234&#8243; min_height=&#8220;900px&#8220; collapsed=&#8220;on&#8220; global_colors_info=&#8220;{%22gcid-5aa9ce6a-8a5e-4347-973a-c6b91f603234%22:%91%22background_color%22%93}&#8220;][et_pb_row column_structure=&#8220;3_5,2_5&#8243; make_equal=&#8220;on&#8220; _builder_version=&#8220;4.26.0&#8243; _module_preset=&#8220;default&#8220; background_enable_image=&#8220;off&#8220; width=&#8220;94%&#8220; width_tablet=&#8220;80%&#8220; width_phone=&#8220;80%&#8220; width_last_edited=&#8220;on|desktop&#8220; max_width=&#8220;2000px&#8220; custom_padding=&#8220;0px||0px||true|false&#8220; global_colors_info=&#8220;{}&#8220;][et_pb_column type=&#8220;3_5&#8243; _builder_version=&#8220;4.22.0&#8243; _module_preset=&#8220;default&#8220; custom_padding=&#8220;46vh||||false|false&#8220; custom_padding_tablet=&#8220;0vw||||false|false&#8220; custom_padding_phone=&#8220;0vw||||false|false&#8220; custom_padding_last_edited=&#8220;on|desktop&#8220; global_colors_info=&#8220;{}&#8220;][et_pb_text _builder_version=&#8220;4.26.0&#8243; _module_preset=&#8220;_initial&#8220; header_text_color=&#8220;#FFFFFF&#8220; header_font_size=&#8220;18px&#8220; header_4_font=&#8220;Inter|700||on|||||&#8220; header_4_text_color=&#8220;#FFFFFF&#8220; header_4_font_size=&#8220;14px&#8220; header_4_letter_spacing=&#8220;0.3em&#8220; header_4_line_height=&#8220;1.4em&#8220; max_width=&#8220;800px&#8220; custom_margin=&#8220;||20px||false|false&#8220; global_colors_info=&#8220;{}&#8220;]<\/p>\n<h1>Druckgentur Volker Metzger: Innovationen<\/h1>\n<p>[\/et_pb_text][et_pb_text _builder_version=&#8220;4.26.0&#8243; _module_preset=&#8220;_initial&#8220; header_font=&#8220;||||||||&#8220; header_text_color=&#8220;#FFFFFF&#8220; header_font_size=&#8220;72px&#8220; header_line_height=&#8220;1.2em&#8220; max_width=&#8220;800px&#8220; header_font_size_tablet=&#8220;40px&#8220; header_font_size_phone=&#8220;24px&#8220; header_font_size_last_edited=&#8220;on|desktop&#8220; global_colors_info=&#8220;{}&#8220;]<\/p>\n<h1><span>Wann hat Sie zuletzt etwas wirklich \u00fcberrascht?<\/span><\/h1>\n<p>[\/et_pb_text][\/et_pb_column][et_pb_column type=&#8220;2_5&#8243; _builder_version=&#8220;4.26.0&#8243; _module_preset=&#8220;default&#8220; background_image=&#8220;http:\/\/metzger.dikonzept.cloud\/wp-content\/uploads\/2024\/08\/1000_F_199161822_10DXoKAwLRokVX7PwVfG7D3eEAiIv7Nm.jpg&#8220; border_radii=&#8220;on|10px|10px|10px|10px&#8220; global_colors_info=&#8220;{}&#8220;][et_pb_divider show_divider=&#8220;off&#8220; _builder_version=&#8220;4.21.0&#8243; _module_preset=&#8220;default&#8220; height_tablet=&#8220;40vw&#8220; height_phone=&#8220;40vw&#8220; height_last_edited=&#8220;on|desktop&#8220; global_colors_info=&#8220;{}&#8220;][\/et_pb_divider][\/et_pb_column][\/et_pb_row][\/et_pb_section][et_pb_section fb_built=&#8220;1&#8243; admin_label=&#8220;Call to Action&#8220; _builder_version=&#8220;4.21.0&#8243; _module_preset=&#8220;default&#8220; collapsed=&#8220;on&#8220; global_colors_info=&#8220;{}&#8220;][et_pb_row column_structure=&#8220;3_5,2_5&#8243; use_custom_gutter=&#8220;on&#8220; gutter_width=&#8220;2&#8243; make_equal=&#8220;on&#8220; _builder_version=&#8220;4.26.0&#8243; _module_preset=&#8220;default&#8220; global_colors_info=&#8220;{}&#8220;][et_pb_column type=&#8220;3_5&#8243; _builder_version=&#8220;4.26.0&#8243; _module_preset=&#8220;default&#8220; background_image=&#8220;http:\/\/metzger.dikonzept.cloud\/wp-content\/uploads\/2024\/08\/AdobeStock_888012000_Preview.jpeg&#8220; border_radii=&#8220;on|10px|10px|10px|10px&#8220; global_colors_info=&#8220;{}&#8220;][et_pb_divider show_divider=&#8220;off&#8220; _builder_version=&#8220;4.21.0&#8243; _module_preset=&#8220;default&#8220; height_tablet=&#8220;40vw&#8220; height_phone=&#8220;40vw&#8220; height_last_edited=&#8220;on|desktop&#8220; locked=&#8220;off&#8220; global_colors_info=&#8220;{}&#8220;][\/et_pb_divider][\/et_pb_column][et_pb_column type=&#8220;2_5&#8243; _builder_version=&#8220;4.21.0&#8243; _module_preset=&#8220;default&#8220; background_color=&#8220;gcid-3739f6af-6ec3-431f-9233-3cdc85f4270b&#8220; custom_padding=&#8220;50px|50px|50px|50px|true|true&#8220; custom_padding_tablet=&#8220;30px|30px|30px|30px|true|true&#8220; custom_padding_phone=&#8220;20px|20px|20px|20px|true|true&#8220; custom_padding_last_edited=&#8220;on|desktop&#8220; border_radii=&#8220;on|10px|10px|10px|10px&#8220; global_colors_info=&#8220;{%22gcid-3739f6af-6ec3-431f-9233-3cdc85f4270b%22:%91%22background_color%22%93}&#8220;][et_pb_text _builder_version=&#8220;4.26.0&#8243; _module_preset=&#8220;_initial&#8220; header_3_font=&#8220;||||||||&#8220; header_3_text_color=&#8220;#FFFFFF&#8220; header_3_font_size=&#8220;36px&#8220; header_3_line_height=&#8220;1.4em&#8220; custom_margin=&#8220;||10px||false|false&#8220; header_3_font_size_tablet=&#8220;20px&#8220; header_3_font_size_phone=&#8220;16px&#8220; header_3_font_size_last_edited=&#8220;on|desktop&#8220; global_colors_info=&#8220;{}&#8220;]<\/p>\n<h3>Sie sagen uns Ihr Budget<\/h3>\n<p>[\/et_pb_text][et_pb_text _builder_version=&#8220;4.26.0&#8243; _module_preset=&#8220;_initial&#8220; text_text_color=&#8220;#FFFFFF&#8220; text_line_height=&#8220;1.8em&#8220; text_font_size_tablet=&#8220;15px&#8220; text_font_size_phone=&#8220;14px&#8220; text_font_size_last_edited=&#8220;on|desktop&#8220; global_colors_info=&#8220;{}&#8220;]<\/p>\n<p>und wir liefern die Idee &#8211; und die Umsetzung nat\u00fcrlich auch.<\/p>\n<p>[\/et_pb_text][et_pb_button button_text=&#8220;Jetzt unverbindlich informieren&#8220; _builder_version=&#8220;4.26.0&#8243; _module_preset=&#8220;_initial&#8220; custom_button=&#8220;on&#8220; button_text_size=&#8220;14px&#8220; button_text_color=&#8220;#FFFFFF&#8220; button_bg_color=&#8220;RGBA(255,255,255,0)&#8220; button_border_color=&#8220;#FFFFFF&#8220; button_border_radius=&#8220;0px&#8220; button_letter_spacing=&#8220;0.16em&#8220; button_font=&#8220;Inter|700||on|||||&#8220; custom_padding=&#8220;18px|24px|18px|24px|true|true&#8220; global_colors_info=&#8220;{}&#8220;][\/et_pb_button][\/et_pb_column][\/et_pb_row][\/et_pb_section][et_pb_section fb_built=&#8220;1&#8243; admin_label=&#8220;Services&#8220; _builder_version=&#8220;4.21.0&#8243; _module_preset=&#8220;default&#8220; custom_padding=&#8220;||10px|||&#8220; collapsed=&#8220;on&#8220; global_colors_info=&#8220;{}&#8220;][et_pb_row _builder_version=&#8220;4.21.0&#8243; _module_preset=&#8220;default&#8220; max_width=&#8220;800px&#8220; global_colors_info=&#8220;{}&#8220; custom_padding=&#8220;||0px|||&#8220;][et_pb_column type=&#8220;4_4&#8243; _builder_version=&#8220;4.21.0&#8243; _module_preset=&#8220;default&#8220; global_colors_info=&#8220;{}&#8220;][et_pb_text _builder_version=&#8220;4.26.0&#8243; _module_preset=&#8220;_initial&#8220; header_4_font=&#8220;Inter|700||on|||||&#8220; header_4_font_size=&#8220;14px&#8220; header_4_letter_spacing=&#8220;0.3em&#8220; header_4_line_height=&#8220;1.4em&#8220; text_orientation=&#8220;center&#8220; custom_margin=&#8220;||20px||false|false&#8220; global_colors_info=&#8220;{}&#8220;]<\/p>\n<h4>Innovationen<\/h4>\n<p>[\/et_pb_text][et_pb_text _builder_version=&#8220;4.26.0&#8243; _module_preset=&#8220;_initial&#8220; header_2_font=&#8220;||||||||&#8220; header_2_font_size=&#8220;50px&#8220; header_2_line_height=&#8220;1.2em&#8220; text_orientation=&#8220;center&#8220; custom_margin=&#8220;||10px||false|false&#8220; header_2_font_size_tablet=&#8220;32px&#8220; header_2_font_size_phone=&#8220;20px&#8220; header_2_font_size_last_edited=&#8220;on|desktop&#8220; global_colors_info=&#8220;{}&#8220;]<\/p>\n<h2>Zeigen Sie, dass Ihr Unternehmen die Zukunft mitgestaltet<\/h2>\n<p>[\/et_pb_text][\/et_pb_column][\/et_pb_row][et_pb_row _builder_version=&#8220;4.26.0&#8243; _module_preset=&#8220;default&#8220; custom_padding=&#8220;||0px|||&#8220; global_colors_info=&#8220;{}&#8220; max_width=&#8220;1600px&#8220;][et_pb_column type=&#8220;4_4&#8243; _builder_version=&#8220;4.22.0&#8243; _module_preset=&#8220;default&#8220; global_colors_info=&#8220;{}&#8220;][et_pb_text _builder_version=&#8220;4.26.0&#8243; _module_preset=&#8220;default&#8220; hover_enabled=&#8220;0&#8243; global_colors_info=&#8220;{}&#8220; sticky_enabled=&#8220;0&#8243;]<\/p>\n<p>In einer Welt, die sich st\u00e4ndig ver\u00e4ndert, sind Innovationen der Schl\u00fcssel zum Erfolg. Bei Volker Metzger verstehen wir, wie wichtig es ist, stets einen Schritt voraus zu sein. Unsere Leidenschaft f\u00fcr neue Ideen und Technologien treibt uns an, innovative Druckl\u00f6sungen zu entwickeln, die nicht nur \u00fcberzeugen, sondern auch nachhaltig wirken.<\/p>\n<p>[\/et_pb_text][\/et_pb_column][\/et_pb_row][et_pb_row column_structure=&#8220;1_3,1_3,1_3&#8243; _builder_version=&#8220;4.26.0&#8243; _module_preset=&#8220;default&#8220; max_width=&#8220;1540px&#8220; custom_margin=&#8220;0px|auto||auto|false|false&#8220; global_colors_info=&#8220;{}&#8220;][et_pb_column type=&#8220;1_3&#8243; _builder_version=&#8220;4.21.0&#8243; _module_preset=&#8220;default&#8220; global_colors_info=&#8220;{}&#8220;][et_pb_image src=&#8220;http:\/\/metzger.dikonzept.cloud\/wp-content\/uploads\/2024\/08\/Recycelte-Rucksaecke1.jpg&#8220; title_text=&#8220;Recycelte Rucks\u00e4cke1&#8243; align=&#8220;center&#8220; _builder_version=&#8220;4.26.0&#8243; _module_preset=&#8220;default&#8220; max_width=&#8220;100%&#8220; max_height=&#8220;100%&#8220; custom_margin=&#8220;||0px|||&#8220; box_shadow_style=&#8220;preset1&#8243; global_colors_info=&#8220;{}&#8220;][\/et_pb_image][et_pb_text _builder_version=&#8220;4.26.0&#8243; _module_preset=&#8220;_initial&#8220; header_6_font=&#8220;Inter|700||on|||||&#8220; header_6_font_size=&#8220;16px&#8220; header_6_line_height=&#8220;1.4em&#8220; text_orientation=&#8220;center&#8220; custom_margin=&#8220;30px||||false|false&#8220; header_6_font_size_tablet=&#8220;15px&#8220; header_6_font_size_phone=&#8220;14px&#8220; header_6_font_size_last_edited=&#8220;on|desktop&#8220; global_colors_info=&#8220;{}&#8220;]<\/p>\n<h6>Recycelte Computerrucks\u00e4cke<\/h6>\n<p>Diese Rucks\u00e4cke werden aus recycelten Plastikflaschen hergestellt und sind f\u00fcr den Transport von Laptops und anderem technischen Zubeh\u00f6r konzipiert. Sie sind praktisch, stylisch und unterstreichen das Engagement f\u00fcr Recycling und die Reduzierung von Plastikm\u00fcll\u200b<\/p>\n<p>[\/et_pb_text][\/et_pb_column][et_pb_column type=&#8220;1_3&#8243; _builder_version=&#8220;4.21.0&#8243; _module_preset=&#8220;default&#8220; global_colors_info=&#8220;{}&#8220;][et_pb_image src=&#8220;http:\/\/metzger.dikonzept.cloud\/wp-content\/uploads\/2024\/08\/Werbegeschenke-3D-Druck.jpg&#8220; title_text=&#8220;Robotic Arm 3D Printing Intricate Object in Modern Manufacturing Facility&#8220; align=&#8220;center&#8220; _builder_version=&#8220;4.26.0&#8243; _module_preset=&#8220;default&#8220; max_width=&#8220;100%&#8220; max_height=&#8220;100%&#8220; custom_margin=&#8220;||0px|||&#8220; box_shadow_style=&#8220;preset1&#8243; global_colors_info=&#8220;{}&#8220;][\/et_pb_image][et_pb_text _builder_version=&#8220;4.26.0&#8243; _module_preset=&#8220;_initial&#8220; header_6_font=&#8220;Inter|700||on|||||&#8220; header_6_font_size=&#8220;16px&#8220; header_6_line_height=&#8220;1.4em&#8220; text_orientation=&#8220;center&#8220; custom_margin=&#8220;30px||||false|false&#8220; header_6_font_size_tablet=&#8220;15px&#8220; header_6_font_size_phone=&#8220;14px&#8220; header_6_font_size_last_edited=&#8220;on|desktop&#8220; global_colors_info=&#8220;{}&#8220;]<\/p>\n<h6><strong>Werbegeschenke aus dem 3-D-Drucker<\/strong><\/h6>\n<p>Werbegeschenke wie Schreibtischorganizer, Schl\u00fcsselanh\u00e4nger oder sogar ma\u00dfgeschneiderte Figuren k\u00f6nnen mit PLA (Polymilchs\u00e4ure) 3D-gedruckt werden, einem biologisch abbaubaren Material, das aus erneuerbaren Ressourcen wie Mais oder Zuckerrohr gewonnen wird. Diese Produkte sind nicht nur innovativ, sondern auch umweltfreundlich, da sie auf nachhaltige Materialien setzen\u200b<\/p>\n<p>[\/et_pb_text][\/et_pb_column][et_pb_column type=&#8220;1_3&#8243; _builder_version=&#8220;4.21.0&#8243; _module_preset=&#8220;default&#8220; global_colors_info=&#8220;{}&#8220;][et_pb_image src=&#8220;http:\/\/metzger.dikonzept.cloud\/wp-content\/uploads\/2024\/08\/Firefly-Handy-scannt-Visitenkarte-und-zeigt-dabei-coole-Graphiken-44799.jpg&#8220; title_text=&#8220;Firefly Handy scannt Visitenkarte und zeigt dabei coole Graphiken 44799&#8243; align=&#8220;center&#8220; _builder_version=&#8220;4.26.0&#8243; _module_preset=&#8220;default&#8220; max_width=&#8220;100%&#8220; max_height=&#8220;100%&#8220; custom_margin=&#8220;||0px|||&#8220; box_shadow_style=&#8220;preset1&#8243; global_colors_info=&#8220;{}&#8220; custom_padding=&#8220;0px|||||&#8220;][\/et_pb_image][et_pb_text _builder_version=&#8220;4.26.0&#8243; _module_preset=&#8220;_initial&#8220; header_6_font=&#8220;Inter|700||on|||||&#8220; header_6_font_size=&#8220;16px&#8220; header_6_line_height=&#8220;1.4em&#8220; text_orientation=&#8220;center&#8220; custom_margin=&#8220;30px||||false|false&#8220; header_6_font_size_tablet=&#8220;15px&#8220; header_6_font_size_phone=&#8220;14px&#8220; header_6_font_size_last_edited=&#8220;on|desktop&#8220; global_colors_info=&#8220;{}&#8220;]<\/p>\n<h6><strong>AR-Unterst\u00fctzte Visitenkarten<\/strong><\/h6>\n<p>Diese Visitenkarten werden lebendig, wenn sie mit einem Smartphone gescannt werden, und zeigen interaktive Inhalte wie Videos, 3D-Modelle oder Animationen an. Diese moderne Variante eines traditionellen Artikels hinterl\u00e4sst einen bleibenden Eindruck und integriert gleichzeitig modernste Technologie.<\/p>\n<p>[\/et_pb_text][\/et_pb_column][\/et_pb_row][et_pb_row _builder_version=&#8220;4.26.0&#8243; _module_preset=&#8220;default&#8220; custom_padding=&#8220;||0px|||&#8220; global_colors_info=&#8220;{}&#8220;][et_pb_column type=&#8220;4_4&#8243; _builder_version=&#8220;4.22.0&#8243; _module_preset=&#8220;default&#8220; global_colors_info=&#8220;{}&#8220;][et_pb_text _builder_version=&#8220;4.26.0&#8243; _module_preset=&#8220;default&#8220; hover_enabled=&#8220;0&#8243; global_colors_info=&#8220;{}&#8220; text_font_size=&#8220;18px&#8220; width=&#8220;80%&#8220; max_width=&#8220;1600px&#8220; sticky_enabled=&#8220;0&#8243; module_alignment=&#8220;center&#8220;]<\/p>\n<h2 style=\"text-align: center;\">Unsere Innovationsprozesse<\/h2>\n<p>&nbsp;<\/p>\n<p>Von der ersten Idee bis zur finalen Umsetzung begleiten wir Sie durch den gesamten Prozess. Dabei setzen wir auf eine enge Zusammenarbeit, um sicherzustellen, dass Ihre Visionen genau so realisiert werden, wie Sie es sich vorstellen. Unsere Erfahrung und unser Engagement garantieren, dass jedes Projekt ein voller Erfolg wird.<\/p>\n<p>Entdecken Sie mit uns die M\u00f6glichkeiten, die die Welt des Drucks bietet. Lassen Sie uns gemeinsam Neues schaffen, das begeistert und nachhaltig beeindruckt.<\/p>\n<p style=\"text-align: center;\">Volker Metzger \u2013 Ihr Partner f\u00fcr innovative Marketingstrategien<\/p>\n<p>[\/et_pb_text][\/et_pb_column][\/et_pb_row][\/et_pb_section][et_pb_section fb_built=&#8220;1&#8243; admin_label=&#8220;Footer&#8220; _builder_version=&#8220;4.21.0&#8243; _module_preset=&#8220;default&#8220; background_color=&#8220;gcid-5aa9ce6a-8a5e-4347-973a-c6b91f603234&#8243; saved_tabs=&#8220;all&#8220; collapsed=&#8220;on&#8220; global_colors_info=&#8220;{%22gcid-5aa9ce6a-8a5e-4347-973a-c6b91f603234%22:%91%22background_color%22%93}&#8220;][et_pb_row _builder_version=&#8220;4.21.0&#8243; _module_preset=&#8220;default&#8220; global_colors_info=&#8220;{}&#8220;][et_pb_column type=&#8220;4_4&#8243; _builder_version=&#8220;4.21.0&#8243; _module_preset=&#8220;default&#8220; global_colors_info=&#8220;{}&#8220;][et_pb_text _builder_version=&#8220;4.26.0&#8243; _module_preset=&#8220;_initial&#8220; header_2_font=&#8220;||||||||&#8220; header_2_text_color=&#8220;#FFFFFF&#8220; header_2_font_size=&#8220;52px&#8220; header_2_line_height=&#8220;1.2em&#8220; text_orientation=&#8220;center&#8220; custom_margin=&#8220;||10px||false|false&#8220; header_2_font_size_tablet=&#8220;32px&#8220; header_2_font_size_phone=&#8220;20px&#8220; header_2_font_size_last_edited=&#8220;on|desktop&#8220; global_colors_info=&#8220;{}&#8220;]<\/p>\n<h2>Druckagentur Metzger<\/h2>\n<p>[\/et_pb_text][et_pb_text _builder_version=&#8220;4.21.0&#8243; _module_preset=&#8220;_initial&#8220; text_text_color=&#8220;#FFFFFF&#8220; text_line_height=&#8220;1.8em&#8220; text_orientation=&#8220;center&#8220; text_font_size_tablet=&#8220;15px&#8220; text_font_size_phone=&#8220;14px&#8220; text_font_size_last_edited=&#8220;on|desktop&#8220; global_colors_info=&#8220;{}&#8220;]<\/p>\n<p><span>Eichenweg 12, <\/span><span>97922 Lauda-K\u00f6nigshofen<\/span><\/p>\n<p>[\/et_pb_text][\/et_pb_column][\/et_pb_row][et_pb_row column_structure=&#8220;1_2,1_2&#8243; _builder_version=&#8220;4.21.0&#8243; _module_preset=&#8220;default&#8220; global_colors_info=&#8220;{}&#8220;][et_pb_column type=&#8220;1_2&#8243; _builder_version=&#8220;4.21.0&#8243; _module_preset=&#8220;default&#8220; global_colors_info=&#8220;{}&#8220;][et_pb_icon icon_color=&#8220;#FFFFFF&#8220; icon_width=&#8220;16px&#8220; _builder_version=&#8220;4.21.0&#8243; _module_preset=&#8220;default&#8220; custom_padding=&#8220;12px|12px|12px|12px|true|true&#8220; border_radii=&#8220;on|100px|100px|100px|100px&#8220; border_width_all=&#8220;1px&#8220; border_color_all=&#8220;#FFFFFF&#8220; locked=&#8220;off&#8220; global_colors_info=&#8220;{}&#8220;][\/et_pb_icon][et_pb_text _builder_version=&#8220;4.26.0&#8243; _module_preset=&#8220;_initial&#8220; link_text_color=&#8220;#FFFFFF&#8220; header_5_font=&#8220;||||||||&#8220; header_5_text_color=&#8220;#FFFFFF&#8220; header_5_font_size=&#8220;20px&#8220; header_5_line_height=&#8220;1.4em&#8220; text_orientation=&#8220;center&#8220; custom_padding=&#8220;2px|||||&#8220; header_5_font_size_tablet=&#8220;16px&#8220; header_5_font_size_phone=&#8220;14px&#8220; header_5_font_size_last_edited=&#8220;on|desktop&#8220; global_colors_info=&#8220;{}&#8220;]<\/p>\n<h5><span>\u00a0+49 (0) 9343 615 71 67<\/span><\/h5>\n<p>[\/et_pb_text][\/et_pb_column][et_pb_column type=&#8220;1_2&#8243; _builder_version=&#8220;4.21.0&#8243; _module_preset=&#8220;default&#8220; global_colors_info=&#8220;{}&#8220;][et_pb_icon icon_color=&#8220;#FFFFFF&#8220; icon_width=&#8220;16px&#8220; _builder_version=&#8220;4.21.0&#8243; _module_preset=&#8220;default&#8220; custom_padding=&#8220;12px|12px|12px|12px|true|true&#8220; border_radii=&#8220;on|100px|100px|100px|100px&#8220; border_width_all=&#8220;1px&#8220; border_color_all=&#8220;#FFFFFF&#8220; locked=&#8220;off&#8220; global_colors_info=&#8220;{}&#8220;][\/et_pb_icon][et_pb_text _builder_version=&#8220;4.26.0&#8243; _module_preset=&#8220;_initial&#8220; link_text_color=&#8220;#FFFFFF&#8220; header_5_font=&#8220;||||||||&#8220; header_5_text_color=&#8220;#FFFFFF&#8220; header_5_font_size=&#8220;20px&#8220; header_5_line_height=&#8220;1.4em&#8220; text_orientation=&#8220;center&#8220; header_5_font_size_tablet=&#8220;16px&#8220; header_5_font_size_phone=&#8220;14px&#8220; header_5_font_size_last_edited=&#8220;on|desktop&#8220; global_colors_info=&#8220;{}&#8220;]<\/p>\n<p><a href=\"mailto:info@druckagentur-metzger.de\">info@druckagentur-metzger.de<\/a><\/p>\n<p>[\/et_pb_text][\/et_pb_column][\/et_pb_row][et_pb_row _builder_version=&#8220;4.21.0&#8243; _module_preset=&#8220;default&#8220; border_color_all=&#8220;rgba(255,255,255,0.2)&#8220; border_width_top=&#8220;1px&#8220; global_colors_info=&#8220;{}&#8220;][et_pb_column type=&#8220;4_4&#8243; _builder_version=&#8220;4.21.0&#8243; _module_preset=&#8220;default&#8220; global_colors_info=&#8220;{}&#8220;][et_pb_text _builder_version=&#8220;4.26.0&#8243; _dynamic_attributes=&#8220;content&#8220; _module_preset=&#8220;_initial&#8220; text_text_color=&#8220;#FFFFFF&#8220; text_orientation=&#8220;center&#8220; global_colors_info=&#8220;{}&#8220;]@ET-DC@eyJkeW5hbWljIjp0cnVlLCJjb250ZW50IjoiY3VycmVudF9kYXRlIiwic2V0dGluZ3MiOnsiYmVmb3JlIjoiQ29weXJpZ2h0ICZjb3B5OyAiLCJhZnRlciI6IkRydWNrYWdlbnR1ciBNZXR6Z2VyLiBBbGwgUmlnaHRzIFJlc2VydmVkLiIsImRhdGVfZm9ybWF0IjoiY3VzdG9tIiwiY3VzdG9tX2RhdGVfZm9ybWF0IjoiWSJ9fQ==@[\/et_pb_text][\/et_pb_column][\/et_pb_row][\/et_pb_section]<\/p>\n","protected":false},"excerpt":{"rendered":"<p>Druckgentur Volker Metzger: InnovationenWann hat Sie zuletzt etwas wirklich \u00fcberrascht?Sie sagen uns Ihr Budgetund wir liefern die Idee &#8211; und die Umsetzung nat\u00fcrlich auch.InnovationenZeigen Sie, dass Ihr Unternehmen die Zukunft mitgestaltetIn einer Welt, die sich st\u00e4ndig ver\u00e4ndert, sind Innovationen der Schl\u00fcssel zum Erfolg. Bei Volker Metzger verstehen wir, wie wichtig es ist, stets einen Schritt [&hellip;]<\/p>\n","protected":false},"author":1,"featured_media":0,"parent":0,"menu_order":0,"comment_status":"closed","ping_status":"closed","template":"","meta":{"_et_pb_use_builder":"on","_et_pb_old_content":"","_et_gb_content_width":"","footnotes":""},"class_list":["post-100094","page","type-page","status-publish","hentry"],"_links":{"self":[{"href":"https:\/\/metzger.dikonzept.cloud\/index.php?rest_route=\/wp\/v2\/pages\/100094","targetHints":{"allow":["GET"]}}],"collection":[{"href":"https:\/\/metzger.dikonzept.cloud\/index.php?rest_route=\/wp\/v2\/pages"}],"about":[{"href":"https:\/\/metzger.dikonzept.cloud\/index.php?rest_route=\/wp\/v2\/types\/page"}],"author":[{"embeddable":true,"href":"https:\/\/metzger.dikonzept.cloud\/index.php?rest_route=\/wp\/v2\/users\/1"}],"replies":[{"embeddable":true,"href":"https:\/\/metzger.dikonzept.cloud\/index.php?rest_route=%2Fwp%2Fv2%2Fcomments&post=100094"}],"version-history":[{"count":13,"href":"https:\/\/metzger.dikonzept.cloud\/index.php?rest_route=\/wp\/v2\/pages\/100094\/revisions"}],"predecessor-version":[{"id":100433,"href":"https:\/\/metzger.dikonzept.cloud\/index.php?rest_route=\/wp\/v2\/pages\/100094\/revisions\/100433"}],"wp:attachment":[{"href":"https:\/\/metzger.dikonzept.cloud\/index.php?rest_route=%2Fwp%2Fv2%2Fmedia&parent=100094"}],"curies":[{"name":"wp","href":"https:\/\/api.w.org\/{rel}","templated":true}]}}