{"id":100100,"date":"2024-07-08T10:35:07","date_gmt":"2024-07-08T08:35:07","guid":{"rendered":"https:\/\/metzger.dikonzept.cloud\/?page_id=100100"},"modified":"2025-03-26T13:53:15","modified_gmt":"2025-03-26T12:53:15","slug":"referenzen","status":"publish","type":"page","link":"https:\/\/metzger.dikonzept.cloud\/?page_id=100100","title":{"rendered":"Referenzen"},"content":{"rendered":"<p>[et_pb_section fb_built=&#8220;1&#8243; fullwidth=&#8220;on&#8220; _builder_version=&#8220;4.26.0&#8243; _module_preset=&#8220;default&#8220; global_colors_info=&#8220;{}&#8220;][et_pb_fullwidth_header title=&#8220;Referenzen&#8220; button_one_url=&#8220;tel:093436157167&#8243; button_two_url=&#8220;mailto:info@druckagentur-metzger.de&#8220; _builder_version=&#8220;4.26.0&#8243; _module_preset=&#8220;default&#8220; custom_button_two=&#8220;on&#8220; button_two_font=&#8220;||||||||&#8220; custom_padding=&#8220;100px||80px||false|false&#8220; global_colors_info=&#8220;{}&#8220;]<\/p>\n<p>Unsere Arbeit spricht f\u00fcr sich. Seit \u00fcber einem Jahrzehnt setzen wir erfolgreich Projekte f\u00fcr Kunden aus verschiedensten Branchen um. Von innovativen Druckl\u00f6sungen \u00fcber ma\u00dfgeschneiderte Marketingstrategien bis hin zu barrierefreien Kommunikationsmitteln \u2013 wir haben zahlreichen Unternehmen geholfen, ihre Visionen zu verwirklichen und sich von der Konkurrenz abzuheben. Entdecken Sie hier eine Auswahl unserer erfolgreichsten Projekte und erfahren Sie, warum unsere Kunden auf uns vertrauen.<\/p>\n<p>&nbsp;<\/p>\n<p>[\/et_pb_fullwidth_header][\/et_pb_section][et_pb_section fb_built=&#8220;1&#8243; admin_label=&#8220;Projects&#8220; _builder_version=&#8220;4.20.0&#8243; _module_preset=&#8220;default&#8220; custom_padding=&#8220;50px|||||&#8220; locked=&#8220;off&#8220; collapsed=&#8220;on&#8220; global_colors_info=&#8220;{}&#8220;][et_pb_row column_structure=&#8220;1_3,1_3,1_3&#8243; _builder_version=&#8220;4.26.0&#8243; _module_preset=&#8220;default&#8220; global_colors_info=&#8220;{}&#8220;][et_pb_column type=&#8220;1_3&#8243; _builder_version=&#8220;4.20.0&#8243; _module_preset=&#8220;default&#8220; custom_padding_tablet=&#8220;||30px||false|false&#8220; custom_padding_phone=&#8220;||30px||false|false&#8220; custom_padding_last_edited=&#8220;on|tablet&#8220; global_colors_info=&#8220;{}&#8220;][et_pb_image src=&#8220;http:\/\/metzger.dikonzept.cloud\/wp-content\/uploads\/2024\/08\/Recycelte-Rucksaecke1.jpg&#8220; title_text=&#8220;Recycelte Rucks\u00e4cke1&#8243; show_in_lightbox=&#8220;on&#8220; use_overlay=&#8220;on&#8220; overlay_icon_color=&#8220;#000000&#8243; hover_overlay_color=&#8220;RGBA(255,255,255,0)&#8220; hover_icon=&#8220;&#xf00e;||fa||900&#8243; _builder_version=&#8220;4.26.0&#8243; _module_preset=&#8220;default&#8220; background_color=&#8220;rgba(0,0,0,0.04)&#8220; custom_margin=&#8220;||||false|false&#8220; box_shadow_style=&#8220;preset4&#8243; box_shadow_horizontal=&#8220;0px&#8220; box_shadow_vertical=&#8220;0px&#8220; box_shadow_color=&#8220;rgba(0,0,0,0.05)&#8220; global_colors_info=&#8220;{}&#8220; custom_padding__hover_enabled=&#8220;off|hover&#8220; custom_padding__hover=&#8220;50px|50px|50px|50px|true|true&#8220; box_shadow_vertical__hover_enabled=&#8220;off|hover&#8220; box_shadow_blur__hover_enabled=&#8220;off|hover&#8220; box_shadow_blur__hover=&#8220;0px&#8220; box_shadow_color__hover_enabled=&#8220;off|hover&#8220; box_shadow_color__hover=&#8220;rgba(0,0,0,0.3)&#8220; custom_margin__hover_enabled=&#8220;off|hover&#8220; custom_margin__hover=&#8220;||62px||false|false&#8220; transform_styles__hover_enabled=&#8220;on|hover&#8220; transform_scale__hover_enabled=&#8220;on|hover&#8220; transform_translate__hover_enabled=&#8220;on|desktop&#8220; transform_rotate__hover_enabled=&#8220;on|desktop&#8220; transform_skew__hover_enabled=&#8220;on|desktop&#8220; transform_origin__hover_enabled=&#8220;on|desktop&#8220; transform_scale__hover=&#8220;90%|90%&#8220; box_shadow_spread__hover_enabled=&#8220;on|hover&#8220; box_shadow_spread__hover=&#8220;30px&#8220;][\/et_pb_image][et_pb_text _builder_version=&#8220;4.26.0&#8243; _module_preset=&#8220;_initial&#8220; header_4_font=&#8220;|600|||||||&#8220; header_4_font_size=&#8220;25px&#8220; header_4_line_height=&#8220;1.4em&#8220; custom_margin=&#8220;||10px||false|false&#8220; header_4_font_size_tablet=&#8220;16px&#8220; header_4_font_size_phone=&#8220;15px&#8220; header_4_font_size_last_edited=&#8220;on|desktop&#8220; global_colors_info=&#8220;{}&#8220;]<\/p>\n<h4>Referenz 1<\/h4>\n<p>[\/et_pb_text][et_pb_text _builder_version=&#8220;4.26.0&#8243; _module_preset=&#8220;_initial&#8220; text_line_height=&#8220;1.8em&#8220; text_font_size_tablet=&#8220;15px&#8220; text_font_size_phone=&#8220;14px&#8220; text_font_size_last_edited=&#8220;on|desktop&#8220; global_colors_info=&#8220;{}&#8220;]<\/p>\n<blockquote>\n<p><em>\u201eDie Cham\u00e4leon-M\u00e4use waren ein Volltreffer! Unsere Kunden rei\u00dfen sich darum.\u201c<\/em><br \/><em>Christopher Spall<\/em><\/p>\n<\/blockquote>\n<p>[\/et_pb_text][\/et_pb_column][et_pb_column type=&#8220;1_3&#8243; _builder_version=&#8220;4.20.0&#8243; _module_preset=&#8220;default&#8220; custom_padding_tablet=&#8220;||30px||false|false&#8220; custom_padding_phone=&#8220;||30px||false|false&#8220; custom_padding_last_edited=&#8220;on|tablet&#8220; global_colors_info=&#8220;{}&#8220;][et_pb_image src=&#8220;http:\/\/metzger.dikonzept.cloud\/wp-content\/uploads\/2024\/08\/1000_F_363970472_eZtfUin8hk89xgvh7RoAz4NDpFg1pAIJ.jpg&#8220; title_text=&#8220;1000_F_363970472_eZtfUin8hk89xgvh7RoAz4NDpFg1pAIJ&#8220; show_in_lightbox=&#8220;on&#8220; use_overlay=&#8220;on&#8220; overlay_icon_color=&#8220;#000000&#8243; hover_overlay_color=&#8220;RGBA(255,255,255,0)&#8220; hover_icon=&#8220;&#xf00e;||fa||900&#8243; _builder_version=&#8220;4.26.0&#8243; _module_preset=&#8220;default&#8220; background_color=&#8220;rgba(0,0,0,0.04)&#8220; custom_margin=&#8220;||||false|false&#8220; box_shadow_style=&#8220;preset4&#8243; box_shadow_horizontal=&#8220;0px&#8220; box_shadow_vertical=&#8220;0px&#8220; box_shadow_color=&#8220;rgba(0,0,0,0.05)&#8220; global_colors_info=&#8220;{}&#8220; custom_padding__hover_enabled=&#8220;off|hover&#8220; custom_padding__hover=&#8220;50px|50px|50px|50px|true|true&#8220; box_shadow_vertical__hover_enabled=&#8220;off|hover&#8220; box_shadow_blur__hover_enabled=&#8220;off|hover&#8220; box_shadow_blur__hover=&#8220;0px&#8220; box_shadow_color__hover_enabled=&#8220;off|hover&#8220; box_shadow_color__hover=&#8220;rgba(0,0,0,0.3)&#8220; custom_margin__hover_enabled=&#8220;off|hover&#8220; custom_margin__hover=&#8220;||62px||false|false&#8220; transform_styles__hover_enabled=&#8220;on|hover&#8220; transform_scale__hover_enabled=&#8220;on|hover&#8220; transform_translate__hover_enabled=&#8220;on|desktop&#8220; transform_rotate__hover_enabled=&#8220;on|desktop&#8220; transform_skew__hover_enabled=&#8220;on|desktop&#8220; transform_origin__hover_enabled=&#8220;on|desktop&#8220; transform_scale__hover=&#8220;90%|90%&#8220; box_shadow_spread__hover_enabled=&#8220;on|hover&#8220; box_shadow_spread__hover=&#8220;30px&#8220;][\/et_pb_image][et_pb_text _builder_version=&#8220;4.26.0&#8243; _module_preset=&#8220;_initial&#8220; header_4_font=&#8220;|600|||||||&#8220; header_4_font_size=&#8220;25px&#8220; header_4_line_height=&#8220;1.4em&#8220; custom_margin=&#8220;||10px||false|false&#8220; header_4_font_size_tablet=&#8220;16px&#8220; header_4_font_size_phone=&#8220;15px&#8220; header_4_font_size_last_edited=&#8220;on|desktop&#8220; global_colors_info=&#8220;{}&#8220;]<\/p>\n<h4>Referenz 2<\/h4>\n<p>[\/et_pb_text][et_pb_text _builder_version=&#8220;4.26.0&#8243; _module_preset=&#8220;_initial&#8220; text_line_height=&#8220;1.8em&#8220; text_font_size_tablet=&#8220;15px&#8220; text_font_size_phone=&#8220;14px&#8220; text_font_size_last_edited=&#8220;on|desktop&#8220; global_colors_info=&#8220;{}&#8220;]<\/p>\n<blockquote>\n<p>\u201eDass wir unseren Kunden Atemschutzmasken anbieten k\u00f6nnen grenzt an ein Wunder. Danke, Herr Metzger!\u201c<br \/>Bob Bauhaus, Gesch\u00e4ftsf\u00fchrer Baumarkt<\/p>\n<\/blockquote>\n<p>[\/et_pb_text][\/et_pb_column][et_pb_column type=&#8220;1_3&#8243; _builder_version=&#8220;4.20.0&#8243; _module_preset=&#8220;default&#8220; custom_padding_tablet=&#8220;||30px||false|false&#8220; custom_padding_phone=&#8220;||30px||false|false&#8220; custom_padding_last_edited=&#8220;on|tablet&#8220; global_colors_info=&#8220;{}&#8220;][et_pb_image src=&#8220;http:\/\/metzger.dikonzept.cloud\/wp-content\/uploads\/2024\/08\/Roll-up-display-orientalisch.jpg&#8220; title_text=&#8220;Roll up display orientalisch&#8220; show_in_lightbox=&#8220;on&#8220; use_overlay=&#8220;on&#8220; overlay_icon_color=&#8220;#000000&#8243; hover_overlay_color=&#8220;RGBA(255,255,255,0)&#8220; hover_icon=&#8220;&#xf00e;||fa||900&#8243; _builder_version=&#8220;4.26.0&#8243; _module_preset=&#8220;default&#8220; background_color=&#8220;rgba(0,0,0,0.04)&#8220; custom_margin=&#8220;||||false|false&#8220; box_shadow_style=&#8220;preset4&#8243; box_shadow_horizontal=&#8220;0px&#8220; box_shadow_vertical=&#8220;0px&#8220; box_shadow_color=&#8220;rgba(0,0,0,0.05)&#8220; global_colors_info=&#8220;{}&#8220; custom_padding__hover_enabled=&#8220;off|hover&#8220; custom_padding__hover=&#8220;50px|50px|50px|50px|true|true&#8220; box_shadow_vertical__hover_enabled=&#8220;off|hover&#8220; box_shadow_blur__hover_enabled=&#8220;off|hover&#8220; box_shadow_blur__hover=&#8220;0px&#8220; box_shadow_color__hover_enabled=&#8220;off|hover&#8220; box_shadow_color__hover=&#8220;rgba(0,0,0,0.3)&#8220; custom_margin__hover_enabled=&#8220;off|hover&#8220; custom_margin__hover=&#8220;||62px||false|false&#8220; transform_styles__hover_enabled=&#8220;on|hover&#8220; transform_scale__hover_enabled=&#8220;on|hover&#8220; transform_translate__hover_enabled=&#8220;on|desktop&#8220; transform_rotate__hover_enabled=&#8220;on|desktop&#8220; transform_skew__hover_enabled=&#8220;on|desktop&#8220; transform_origin__hover_enabled=&#8220;on|desktop&#8220; transform_scale__hover=&#8220;90%|90%&#8220; box_shadow_spread__hover_enabled=&#8220;on|hover&#8220; box_shadow_spread__hover=&#8220;30px&#8220;][\/et_pb_image][et_pb_text _builder_version=&#8220;4.26.0&#8243; _module_preset=&#8220;_initial&#8220; header_4_font=&#8220;|600|||||||&#8220; header_4_font_size=&#8220;25px&#8220; header_4_line_height=&#8220;1.4em&#8220; custom_margin=&#8220;||10px||false|false&#8220; header_4_font_size_tablet=&#8220;16px&#8220; header_4_font_size_phone=&#8220;15px&#8220; header_4_font_size_last_edited=&#8220;on|desktop&#8220; global_colors_info=&#8220;{}&#8220;]<\/p>\n<h4>Referenz 3<\/h4>\n<p>[\/et_pb_text][et_pb_text _builder_version=&#8220;4.26.0&#8243; _module_preset=&#8220;_initial&#8220; text_line_height=&#8220;1.8em&#8220; hover_enabled=&#8220;0&#8243; text_font_size_tablet=&#8220;15px&#8220; text_font_size_phone=&#8220;14px&#8220; text_font_size_last_edited=&#8220;on|desktop&#8220; global_colors_info=&#8220;{}&#8220; sticky_enabled=&#8220;0&#8243;]<\/p>\n<blockquote>\n<p>\u201eDer Berg an B\u00fcgelw\u00e4sche verschwindet bei Videocalls einfach hinter der orientalisch gestalteten Stellwand. So kann ich meinen Kunden meine Produkte auch aus dem Homeoffice verkaufen!\u201c<br \/>Amelie Armband, Schmuckdesignerin<\/p>\n<\/blockquote>\n<p>[\/et_pb_text][\/et_pb_column][\/et_pb_row][\/et_pb_section]<\/p>\n","protected":false},"excerpt":{"rendered":"<p>Unsere Arbeit spricht f\u00fcr sich. Seit \u00fcber einem Jahrzehnt setzen wir erfolgreich Projekte f\u00fcr Kunden aus verschiedensten Branchen um. Von innovativen Druckl\u00f6sungen \u00fcber ma\u00dfgeschneiderte Marketingstrategien bis hin zu barrierefreien Kommunikationsmitteln \u2013 wir haben zahlreichen Unternehmen geholfen, ihre Visionen zu verwirklichen und sich von der Konkurrenz abzuheben. Entdecken Sie hier eine Auswahl unserer erfolgreichsten Projekte und [&hellip;]<\/p>\n","protected":false},"author":1,"featured_media":0,"parent":0,"menu_order":0,"comment_status":"closed","ping_status":"closed","template":"","meta":{"_et_pb_use_builder":"on","_et_pb_old_content":"","_et_gb_content_width":"","footnotes":""},"class_list":["post-100100","page","type-page","status-publish","hentry"],"_links":{"self":[{"href":"https:\/\/metzger.dikonzept.cloud\/index.php?rest_route=\/wp\/v2\/pages\/100100","targetHints":{"allow":["GET"]}}],"collection":[{"href":"https:\/\/metzger.dikonzept.cloud\/index.php?rest_route=\/wp\/v2\/pages"}],"about":[{"href":"https:\/\/metzger.dikonzept.cloud\/index.php?rest_route=\/wp\/v2\/types\/page"}],"author":[{"embeddable":true,"href":"https:\/\/metzger.dikonzept.cloud\/index.php?rest_route=\/wp\/v2\/users\/1"}],"replies":[{"embeddable":true,"href":"https:\/\/metzger.dikonzept.cloud\/index.php?rest_route=%2Fwp%2Fv2%2Fcomments&post=100100"}],"version-history":[{"count":4,"href":"https:\/\/metzger.dikonzept.cloud\/index.php?rest_route=\/wp\/v2\/pages\/100100\/revisions"}],"predecessor-version":[{"id":100439,"href":"https:\/\/metzger.dikonzept.cloud\/index.php?rest_route=\/wp\/v2\/pages\/100100\/revisions\/100439"}],"wp:attachment":[{"href":"https:\/\/metzger.dikonzept.cloud\/index.php?rest_route=%2Fwp%2Fv2%2Fmedia&parent=100100"}],"curies":[{"name":"wp","href":"https:\/\/api.w.org\/{rel}","templated":true}]}}